{"id":1521,"date":"2024-01-30T18:13:59","date_gmt":"2024-01-30T16:13:59","guid":{"rendered":"https:\/\/ukra-t.com\/?page_id=1521"},"modified":"2024-01-30T18:13:59","modified_gmt":"2024-01-30T16:13:59","slug":"galerie","status":"publish","type":"page","link":"http:\/\/ukra-t.com\/de\/galerie\/","title":{"rendered":"Galerie"},"content":{"rendered":"<p style=\"text-align: center;\"><strong>Ukra-T &#8211; Geschenke der ukrainischen Natur f\u00fcr Ihr Zuhause!<\/strong><\/p>\n<p>Unser Unternehmen besch\u00e4ftigt sich mit der Herstellung und dem Export von Waren aus nat\u00fcrlichen Materialien f\u00fcr den Bau und die Landschaftsgestaltung.<\/p>\n<p>Wir haben ehrgeizige Pl\u00e4ne, unsere Produktpalette zu erweitern, und investieren daher aktiv in die Produktion und moderne Technologien.<\/p>\n<h3><strong>Natursteinprodukte f\u00fcr den Bau<\/strong><\/h3>\n<p><img loading=\"lazy\" decoding=\"async\" class=\"alignnone size-medium wp-image-1285\" src=\"http:\/\/ukra-t.com\/wp-content\/uploads\/2021\/06\/brukivka_kolota-300x300.jpg\" alt=\"\" width=\"300\" height=\"300\" srcset=\"http:\/\/ukra-t.com\/wp-content\/uploads\/2021\/06\/brukivka_kolota-300x300.jpg 300w, http:\/\/ukra-t.com\/wp-content\/uploads\/2021\/06\/brukivka_kolota-150x150.jpg 150w, http:\/\/ukra-t.com\/wp-content\/uploads\/2021\/06\/brukivka_kolota.jpg 500w\" sizes=\"auto, (max-width: 300px) 100vw, 300px\" \/> <img loading=\"lazy\" decoding=\"async\" class=\"alignnone size-medium wp-image-1251\" src=\"http:\/\/ukra-t.com\/wp-content\/uploads\/2021\/06\/brukivka-olivecz-300x300.jpg\" alt=\"\" width=\"300\" height=\"300\" srcset=\"http:\/\/ukra-t.com\/wp-content\/uploads\/2021\/06\/brukivka-olivecz.jpg 300w, http:\/\/ukra-t.com\/wp-content\/uploads\/2021\/06\/brukivka-olivecz-150x150.jpg 150w\" sizes=\"auto, (max-width: 300px) 100vw, 300px\" \/> <img loading=\"lazy\" decoding=\"async\" class=\"alignnone size-medium wp-image-1248\" src=\"http:\/\/ukra-t.com\/wp-content\/uploads\/2021\/06\/brukivka-kolota-300x300.jpg\" alt=\"\" width=\"300\" height=\"300\" srcset=\"http:\/\/ukra-t.com\/wp-content\/uploads\/2021\/06\/brukivka-kolota.jpg 300w, http:\/\/ukra-t.com\/wp-content\/uploads\/2021\/06\/brukivka-kolota-150x150.jpg 150w\" sizes=\"auto, (max-width: 300px) 100vw, 300px\" \/> <img loading=\"lazy\" decoding=\"async\" class=\"alignnone size-medium wp-image-1263\" src=\"http:\/\/ukra-t.com\/wp-content\/uploads\/2021\/06\/brukivka-kolota-3-300x300.jpg\" alt=\"\" width=\"300\" height=\"300\" srcset=\"http:\/\/ukra-t.com\/wp-content\/uploads\/2021\/06\/brukivka-kolota-3-300x300.jpg 300w, http:\/\/ukra-t.com\/wp-content\/uploads\/2021\/06\/brukivka-kolota-3-150x150.jpg 150w, http:\/\/ukra-t.com\/wp-content\/uploads\/2021\/06\/brukivka-kolota-3.jpg 500w\" sizes=\"auto, (max-width: 300px) 100vw, 300px\" \/> <img loading=\"lazy\" decoding=\"async\" class=\"alignnone size-medium wp-image-1259\" src=\"http:\/\/ukra-t.com\/wp-content\/uploads\/2021\/06\/brukivka-kolota-2-300x300.jpg\" alt=\"\" width=\"300\" height=\"300\" srcset=\"http:\/\/ukra-t.com\/wp-content\/uploads\/2021\/06\/brukivka-kolota-2-300x300.jpg 300w, http:\/\/ukra-t.com\/wp-content\/uploads\/2021\/06\/brukivka-kolota-2-150x150.jpg 150w, http:\/\/ukra-t.com\/wp-content\/uploads\/2021\/06\/brukivka-kolota-2.jpg 500w\" sizes=\"auto, (max-width: 300px) 100vw, 300px\" \/> <img loading=\"lazy\" decoding=\"async\" class=\"alignnone size-medium wp-image-1255\" src=\"http:\/\/ukra-t.com\/wp-content\/uploads\/2021\/06\/brukivka-kolota-1-300x300.jpg\" alt=\"\" width=\"300\" height=\"300\" srcset=\"http:\/\/ukra-t.com\/wp-content\/uploads\/2021\/06\/brukivka-kolota-1-300x300.jpg 300w, http:\/\/ukra-t.com\/wp-content\/uploads\/2021\/06\/brukivka-kolota-1-150x150.jpg 150w, http:\/\/ukra-t.com\/wp-content\/uploads\/2021\/06\/brukivka-kolota-1.jpg 500w\" sizes=\"auto, (max-width: 300px) 100vw, 300px\" \/> <img loading=\"lazy\" decoding=\"async\" class=\"alignnone size-medium wp-image-1219\" src=\"http:\/\/ukra-t.com\/wp-content\/uploads\/2021\/05\/shaybi-300x300.jpg\" alt=\"\" width=\"300\" height=\"300\" srcset=\"http:\/\/ukra-t.com\/wp-content\/uploads\/2021\/05\/shaybi-300x300.jpg 300w, http:\/\/ukra-t.com\/wp-content\/uploads\/2021\/05\/shaybi-150x150.jpg 150w, http:\/\/ukra-t.com\/wp-content\/uploads\/2021\/05\/shaybi.jpg 500w\" sizes=\"auto, (max-width: 300px) 100vw, 300px\" \/> <img loading=\"lazy\" decoding=\"async\" class=\"alignnone size-medium wp-image-1210\" src=\"http:\/\/ukra-t.com\/wp-content\/uploads\/2021\/05\/brukivka_povnopilena_termo-300x300.jpg\" alt=\"\" width=\"300\" height=\"300\" srcset=\"http:\/\/ukra-t.com\/wp-content\/uploads\/2021\/05\/brukivka_povnopilena_termo-300x300.jpg 300w, http:\/\/ukra-t.com\/wp-content\/uploads\/2021\/05\/brukivka_povnopilena_termo-150x150.jpg 150w, http:\/\/ukra-t.com\/wp-content\/uploads\/2021\/05\/brukivka_povnopilena_termo.jpg 500w\" sizes=\"auto, (max-width: 300px) 100vw, 300px\" \/><img loading=\"lazy\" decoding=\"async\" class=\"alignnone size-medium wp-image-935\" src=\"http:\/\/ukra-t.com\/wp-content\/uploads\/2024\/01\/karbs-labro-225x300.jpg\" alt=\"\u0411\u043e\u0440\u0434\u044e\u0440 \u043b\u0430\u0431\u0440\u0430\u0434\u043e\u0440\u0438\u0442\" width=\"225\" height=\"300\" srcset=\"http:\/\/ukra-t.com\/wp-content\/uploads\/2024\/01\/karbs-labro-225x300.jpg 225w, http:\/\/ukra-t.com\/wp-content\/uploads\/2024\/01\/karbs-labro-768x1024.jpg 768w, http:\/\/ukra-t.com\/wp-content\/uploads\/2024\/01\/karbs-labro-1152x1536.jpg 1152w, http:\/\/ukra-t.com\/wp-content\/uploads\/2024\/01\/karbs-labro.jpg 1200w\" sizes=\"auto, (max-width: 225px) 100vw, 225px\" \/><\/p>\n<h2 id=\"h--1\" class=\"wp-block-heading\">Natursteinprodukte f\u00fcr die Landschaftsgestaltung<\/h2>\n<p><img loading=\"lazy\" decoding=\"async\" class=\"alignnone size-medium wp-image-955\" src=\"http:\/\/ukra-t.com\/wp-content\/uploads\/2024\/01\/photo_2024-01-08_16-08-09-169x300.jpg\" alt=\"\u0433\u0430\u043b\u044c\u043a\u0430 \u0434\u043b\u044f \u043b\u0430\u043d\u0434\u0448\u0430\u0444\u0442\u043d\u043e\u0433\u043e \u0434\u0438\u0437\u0430\u0439\u043d\u0443 \u0437 \u0434\u043e\u043b\u043e\u043c\u0438\u0442\u0443\" width=\"169\" height=\"300\" \/> <img loading=\"lazy\" decoding=\"async\" class=\"alignnone size-medium wp-image-950\" src=\"http:\/\/ukra-t.com\/wp-content\/uploads\/2024\/01\/img_5027-225x300.jpg\" alt=\"\u043a\u0430\u043c\u0456\u043d\u044c \u0434\u043b\u044f \u0433\u0430\u0431\u0456\u043e\u043d\u0456\u0432\" width=\"225\" height=\"300\" srcset=\"http:\/\/ukra-t.com\/wp-content\/uploads\/2024\/01\/img_5027-225x300.jpg 225w, http:\/\/ukra-t.com\/wp-content\/uploads\/2024\/01\/img_5027-768x1024.jpg 768w, http:\/\/ukra-t.com\/wp-content\/uploads\/2024\/01\/img_5027-1152x1536.jpg 1152w, http:\/\/ukra-t.com\/wp-content\/uploads\/2024\/01\/img_5027-1536x2048.jpg 1536w, http:\/\/ukra-t.com\/wp-content\/uploads\/2024\/01\/img_5027-scaled.jpg 1920w\" sizes=\"auto, (max-width: 225px) 100vw, 225px\" \/><\/p>\n<p><img loading=\"lazy\" decoding=\"async\" class=\"size-medium wp-image-896\" src=\"http:\/\/ukra-t.com\/wp-content\/uploads\/2023\/11\/shhebin1-300x200.jpg\" alt=\"\u0429\u0435\u0431\u0456\u043d\u044c \u0431\u0430\u0437\u0430\u043b\u044c\u0442\u043e\u0432\u0438\u0439\" width=\"300\" height=\"200\" srcset=\"http:\/\/ukra-t.com\/wp-content\/uploads\/2023\/11\/shhebin1-300x200.jpg 300w, http:\/\/ukra-t.com\/wp-content\/uploads\/2023\/11\/shhebin1-1024x681.jpg 1024w, http:\/\/ukra-t.com\/wp-content\/uploads\/2023\/11\/shhebin1-768x511.jpg 768w, http:\/\/ukra-t.com\/wp-content\/uploads\/2023\/11\/shhebin1-1536x1022.jpg 1536w, http:\/\/ukra-t.com\/wp-content\/uploads\/2023\/11\/shhebin1-2048x1363.jpg 2048w\" sizes=\"auto, (max-width: 300px) 100vw, 300px\" \/><\/p>\n<p><img loading=\"lazy\" decoding=\"async\" class=\"alignnone size-medium wp-image-1308\" src=\"http:\/\/ukra-t.com\/wp-content\/uploads\/2021\/05\/landshaft4-300x300.jpg\" alt=\"\" width=\"300\" height=\"300\" srcset=\"http:\/\/ukra-t.com\/wp-content\/uploads\/2021\/05\/landshaft4.jpg 300w, http:\/\/ukra-t.com\/wp-content\/uploads\/2021\/05\/landshaft4-150x150.jpg 150w\" sizes=\"auto, (max-width: 300px) 100vw, 300px\" \/><\/p>\n<h3><strong>Holzprodukte<\/strong><\/h3>\n<p><img loading=\"lazy\" decoding=\"async\" class=\"alignnone size-medium wp-image-1241\" src=\"http:\/\/ukra-t.com\/wp-content\/uploads\/2021\/05\/vugillya-225x300.jpg\" alt=\"\" width=\"225\" height=\"300\" srcset=\"http:\/\/ukra-t.com\/wp-content\/uploads\/2021\/05\/vugillya-225x300.jpg 225w, http:\/\/ukra-t.com\/wp-content\/uploads\/2021\/05\/vugillya.jpg 600w\" sizes=\"auto, (max-width: 225px) 100vw, 225px\" \/> <img loading=\"lazy\" decoding=\"async\" class=\"alignnone size-medium wp-image-1385\" src=\"http:\/\/ukra-t.com\/wp-content\/uploads\/2021\/06\/drova-300x300.jpg\" alt=\"\" width=\"300\" height=\"300\" srcset=\"http:\/\/ukra-t.com\/wp-content\/uploads\/2021\/06\/drova-300x300.jpg 300w, http:\/\/ukra-t.com\/wp-content\/uploads\/2021\/06\/drova-150x150.jpg 150w, http:\/\/ukra-t.com\/wp-content\/uploads\/2021\/06\/drova-768x768.jpg 768w, http:\/\/ukra-t.com\/wp-content\/uploads\/2021\/06\/drova.jpg 800w\" sizes=\"auto, (max-width: 300px) 100vw, 300px\" \/> <img loading=\"lazy\" decoding=\"async\" class=\"alignnone size-medium wp-image-1420\" src=\"http:\/\/ukra-t.com\/wp-content\/uploads\/2021\/05\/derevne-vugillya-1-1-300x300.jpg\" alt=\"\" width=\"300\" height=\"300\" srcset=\"http:\/\/ukra-t.com\/wp-content\/uploads\/2021\/05\/derevne-vugillya-1-1-300x300.jpg 300w, http:\/\/ukra-t.com\/wp-content\/uploads\/2021\/05\/derevne-vugillya-1-1-150x150.jpg 150w, http:\/\/ukra-t.com\/wp-content\/uploads\/2021\/05\/derevne-vugillya-1-1.jpg 500w\" sizes=\"auto, (max-width: 300px) 100vw, 300px\" \/> <img loading=\"lazy\" decoding=\"async\" class=\"alignnone size-medium wp-image-990\" src=\"http:\/\/ukra-t.com\/wp-content\/uploads\/2024\/01\/img_20240108_165338_158-225x300.jpg\" alt=\"\u0441\u043e\u0441\u043d\u043e\u0432\u0456 \u0433\u0440\u0430\u043d\u0443\u043b\u0438 \u0434\u043b\u044f \u043e\u043f\u0430\u043b\u0435\u043d\u043d\u044f\" width=\"225\" height=\"300\" srcset=\"http:\/\/ukra-t.com\/wp-content\/uploads\/2024\/01\/img_20240108_165338_158-225x300.jpg 225w, http:\/\/ukra-t.com\/wp-content\/uploads\/2024\/01\/img_20240108_165338_158-768x1024.jpg 768w, http:\/\/ukra-t.com\/wp-content\/uploads\/2024\/01\/img_20240108_165338_158.jpg 960w\" sizes=\"auto, (max-width: 225px) 100vw, 225px\" \/> <img loading=\"lazy\" decoding=\"async\" class=\"alignnone size-medium wp-image-995\" src=\"http:\/\/ukra-t.com\/wp-content\/uploads\/2024\/01\/img_20240108_165355_926-225x300.jpg\" alt=\"\" width=\"225\" height=\"300\" srcset=\"http:\/\/ukra-t.com\/wp-content\/uploads\/2024\/01\/img_20240108_165355_926-225x300.jpg 225w, http:\/\/ukra-t.com\/wp-content\/uploads\/2024\/01\/img_20240108_165355_926-768x1024.jpg 768w, http:\/\/ukra-t.com\/wp-content\/uploads\/2024\/01\/img_20240108_165355_926.jpg 960w\" sizes=\"auto, (max-width: 225px) 100vw, 225px\" \/><\/p>\n","protected":false},"excerpt":{"rendered":"<p>Ukra-T &#8211; Geschenke der ukrainischen Natur f\u00fcr Ihr Zuhause! Unser&#8230;<\/p>\n","protected":false},"author":2,"featured_media":1179,"parent":0,"menu_order":0,"comment_status":"closed","ping_status":"closed","template":"","meta":{"footnotes":""},"class_list":["post-1521","page","type-page","status-publish","has-post-thumbnail","hentry"],"translation":{"provider":"WPGlobus","version":"3.0.2","language":"de","enabled_languages":["uk","en","de","pl","ru"],"languages":{"uk":{"title":true,"content":true,"excerpt":false},"en":{"title":false,"content":false,"excerpt":false},"de":{"title":false,"content":false,"excerpt":false},"pl":{"title":false,"content":false,"excerpt":false},"ru":{"title":false,"content":false,"excerpt":false}}},"yoast_head":"<!-- This site is optimized with the Yoast SEO Premium plugin v15.6.2 - https:\/\/yoast.com\/wordpress\/plugins\/seo\/ -->\n<meta name=\"robots\" content=\"index, follow, max-snippet:-1, max-image-preview:large, max-video-preview:-1\" \/>\n<link rel=\"canonical\" href=\"http:\/\/ukra-t.com\/de\/galerie\/\" \/>\n<meta property=\"og:locale\" content=\"de_DE\" \/>\n<meta property=\"og:type\" content=\"article\" \/>\n<meta property=\"og:title\" content=\"Galerie - UKRA-T - Firewood &amp; stone\" \/>\n<meta property=\"og:url\" content=\"http:\/\/ukra-t.com\/de\/galerie\/\" \/>\n<meta property=\"og:site_name\" content=\"UKRA-T - Firewood &amp; stone\" \/>\n<meta property=\"og:image\" content=\"http:\/\/ukra-t.com\/wp-content\/uploads\/2021\/05\/ukra_3.jpg\" \/>\n\t<meta property=\"og:image:width\" content=\"1000\" \/>\n\t<meta property=\"og:image:height\" content=\"347\" \/>\n<meta name=\"twitter:card\" content=\"summary_large_image\" \/>\n<meta name=\"twitter:label1\" content=\"Gesch\u00e4tzte Lesezeit\">\n\t<meta name=\"twitter:data1\" content=\"4\u00a0Minuten\">\n<script type=\"application\/ld+json\" class=\"yoast-schema-graph\">{\"@context\":\"https:\/\/schema.org\",\"@graph\":[{\"@type\":\"Organization\",\"@id\":\"http:\/\/ukra-t.com\/#organization\",\"name\":\"\\u0423\\u043a\\u0440\\u0430-\\u0422, \\u0422\\u041e\\u0412\",\"url\":\"http:\/\/ukra-t.com\/\",\"sameAs\":[],\"logo\":{\"@type\":\"ImageObject\",\"@id\":\"http:\/\/ukra-t.com\/#logo\",\"inLanguage\":\"de\",\"url\":\"http:\/\/ukra-t.com\/wp-content\/uploads\/2022\/09\/logo-ukra-t.jpg\",\"width\":180,\"height\":100,\"caption\":\"\\u0423\\u043a\\u0440\\u0430-\\u0422, \\u0422\\u041e\\u0412\"},\"image\":{\"@id\":\"http:\/\/ukra-t.com\/#logo\"}},{\"@type\":\"WebSite\",\"@id\":\"http:\/\/ukra-t.com\/#website\",\"url\":\"http:\/\/ukra-t.com\/\",\"name\":\"UKRA-T - Firewood &amp; stone\",\"description\":\"Firewood &amp; stone\",\"publisher\":{\"@id\":\"http:\/\/ukra-t.com\/#organization\"},\"potentialAction\":[{\"@type\":\"SearchAction\",\"target\":\"http:\/\/ukra-t.com\/?s={search_term_string}\",\"query-input\":\"required name=search_term_string\"}],\"inLanguage\":\"de\"},{\"@type\":\"ImageObject\",\"@id\":\"http:\/\/ukra-t.com\/de\/galerie\/#primaryimage\",\"inLanguage\":\"de\",\"url\":\"http:\/\/ukra-t.com\/wp-content\/uploads\/2021\/05\/ukra_3.jpg\",\"width\":1000,\"height\":347},{\"@type\":\"WebPage\",\"@id\":\"http:\/\/ukra-t.com\/de\/galerie\/#webpage\",\"url\":\"http:\/\/ukra-t.com\/de\/galerie\/\",\"name\":\"Galerie - UKRA-T - Firewood &amp; stone\",\"isPartOf\":{\"@id\":\"http:\/\/ukra-t.com\/#website\"},\"primaryImageOfPage\":{\"@id\":\"http:\/\/ukra-t.com\/de\/galerie\/#primaryimage\"},\"datePublished\":\"2024-01-30T16:13:59+00:00\",\"dateModified\":\"2024-01-30T16:13:59+00:00\",\"inLanguage\":\"de\",\"potentialAction\":[{\"@type\":\"ReadAction\",\"target\":[\"http:\/\/ukra-t.com\/de\/galerie\/\"]}]}]}<\/script>\n<!-- \/ Yoast SEO Premium plugin. -->","_links":{"self":[{"href":"http:\/\/ukra-t.com\/de\/wp-json\/wp\/v2\/pages\/1521","targetHints":{"allow":["GET"]}}],"collection":[{"href":"http:\/\/ukra-t.com\/de\/wp-json\/wp\/v2\/pages"}],"about":[{"href":"http:\/\/ukra-t.com\/de\/wp-json\/wp\/v2\/types\/page"}],"author":[{"embeddable":true,"href":"http:\/\/ukra-t.com\/de\/wp-json\/wp\/v2\/users\/2"}],"replies":[{"embeddable":true,"href":"http:\/\/ukra-t.com\/de\/wp-json\/wp\/v2\/comments?post=1521"}],"version-history":[{"count":1,"href":"http:\/\/ukra-t.com\/de\/wp-json\/wp\/v2\/pages\/1521\/revisions"}],"predecessor-version":[{"id":1522,"href":"http:\/\/ukra-t.com\/de\/wp-json\/wp\/v2\/pages\/1521\/revisions\/1522"}],"wp:featuredmedia":[{"embeddable":true,"href":"http:\/\/ukra-t.com\/de\/wp-json\/wp\/v2\/media\/1179"}],"wp:attachment":[{"href":"http:\/\/ukra-t.com\/de\/wp-json\/wp\/v2\/media?parent=1521"}],"curies":[{"name":"wp","href":"https:\/\/api.w.org\/{rel}","templated":true}]}}