{"id":1480,"date":"2024-01-28T13:36:57","date_gmt":"2024-01-28T11:36:57","guid":{"rendered":"https:\/\/ukra-t.com\/?page_id=1480"},"modified":"2025-02-07T14:01:41","modified_gmt":"2025-02-07T12:01:41","slug":"produkte-aus-naturstein","status":"publish","type":"page","link":"http:\/\/ukra-t.com\/de\/","title":{"rendered":"Hauptseite"},"content":{"rendered":"<h2><strong>Ukra-T &#8211; Geschenke der ukrainischen Natur f\u00fcr Ihr Zuhause!<\/strong><\/h2>\n<h4><strong>Unser Unternehmen befasst sich mit der Produktion und dem Export von Waren aus nat\u00fcrlichen Materialien f\u00fcr den Bau und die Landschaftsgestaltung.<\/strong><\/h4>\n<h3>PRODUKTE AUS NATURSTEIN<\/h3>\n<h3>Produkte aus Naturstein: exquisit, zuverl\u00e4ssig und langlebig!<\/h3>\n<p>Wir bieten eine breite Palette von Natursteinprodukten aus ukrainischen Steinbr\u00fcchen f\u00fcr die Gestaltung von Stra\u00dfen, Pl\u00e4tzen, Anlagen, Geb\u00e4uden und Gedenkst\u00e4tten an. Wir bevorzugen Basalt, der eine \u00e4u\u00dferst elegante, maximal monochromatische schwarze Farbe hat, die besonders nach Regen auff\u00e4llig ist. Gleichzeitig arbeiten wir auch mit anderen Gesteinsarten: Granit, Gabbro, Labradorit usw., die eine breite Farbpalette aufweisen. Die Natur ist unsere Inspiration und unser Vorbild beim Bauen. Deshalb bieten wir Bauprodukte ausschlie\u00dflich aus Naturstein aus ukrainischen Lagerst\u00e4tten an.<\/p>\n<p>&nbsp;<\/p>\n<p>&nbsp;<\/p>\n<h3><strong>\u00dcber uns <\/strong><\/h3>\n<h3>Ukra-T &#8211; Geschenke der ukrainischen Natur f\u00fcr Ihr Zuhause!<\/h3>\n<h3><img loading=\"lazy\" decoding=\"async\" class=\"alignnone wp-image-1442\" src=\"http:\/\/ukra-t.com\/wp-content\/uploads\/2021\/06\/ukrat-300x300.jpg\" alt=\"\" width=\"275\" height=\"275\" srcset=\"http:\/\/ukra-t.com\/wp-content\/uploads\/2021\/06\/ukrat-300x300.jpg 300w, http:\/\/ukra-t.com\/wp-content\/uploads\/2021\/06\/ukrat-150x150.jpg 150w, http:\/\/ukra-t.com\/wp-content\/uploads\/2021\/06\/ukrat.jpg 600w\" sizes=\"auto, (max-width: 275px) 100vw, 275px\" \/><\/h3>\n<p>&#8222;Ukra-T&#8220; ist ein ukrainisches Produktions- und Handelsunternehmen, das im Jahr 2019 gegr\u00fcndet wurde. Unsere Spezialisierung ist die Lieferung von Naturstein- und Holzprodukten f\u00fcr den Bau und die Landschaftsgestaltung. Wir sind stolz darauf, ukrainische Produkte aus Basalt, Labradorit und verschiedenen Graniten auf europ\u00e4ischen M\u00e4rkten wie Deutschland, Finnland, Litauen, Lettland, Polen, Slowakei und Ungarn zu vertreten. In der Zusammenarbeit mit uns finden Sie einen zuverl\u00e4ssigen Partner f\u00fcr viele Jahre, dank schneller Durchlaufzeiten und wettbewerbsf\u00e4higer Preise f\u00fcr Projekte jeder Gr\u00f6\u00dfenordnung.&#8220;<\/p>\n<p>&nbsp;<\/p>\n<p>&nbsp;<\/p>\n<p>Grunds\u00e4tze unserer Arbeit:<\/p>\n<p>\u00c4sthetik<br \/>\nIhre architektonischen und gestalterischen L\u00f6sungen, die mit Hilfe unserer Produkte realisiert werden, werden viele Menschen \u00fcber Dutzende und Hunderte von Jahren inspirieren und erfreuen.<\/p>\n<p>Qualit\u00e4t<br \/>\nWir kontrollieren umfassend die Qualit\u00e4t der Arbeit in den verschiedenen Phasen: Produktion, Verarbeitung, Verpackung, Lieferung.<\/p>\n<p>Effizienz<br \/>\nIn der schnelllebigen Welt von heute ist Zeit ein kostbares Gut. Deshalb versuchen wir, alle Prozesse im Unternehmen so zu organisieren, dass wir unsere Kunden so schnell wie m\u00f6glich bedienen k\u00f6nnen.<\/p>\n<p>Sicherheit<br \/>\nWir sorgen f\u00fcr die Sicherheit unserer Mitarbeiter und Kunden, die mit unseren Produkten arbeiten.<\/p>\n","protected":false},"excerpt":{"rendered":"<p>Ukra-T &#8211; Geschenke der ukrainischen Natur f\u00fcr Ihr Zuhause! Unser&#8230;<\/p>\n","protected":false},"author":2,"featured_media":1179,"parent":0,"menu_order":0,"comment_status":"closed","ping_status":"closed","template":"index.php","meta":{"footnotes":""},"class_list":["post-1480","page","type-page","status-publish","has-post-thumbnail","hentry"],"translation":{"provider":"WPGlobus","version":"3.0.2","language":"de","enabled_languages":["uk","en","de","pl","ru"],"languages":{"uk":{"title":true,"content":true,"excerpt":false},"en":{"title":false,"content":false,"excerpt":false},"de":{"title":false,"content":false,"excerpt":false},"pl":{"title":false,"content":false,"excerpt":false},"ru":{"title":false,"content":false,"excerpt":false}}},"yoast_head":"<!-- This site is optimized with the Yoast SEO Premium plugin v15.6.2 - https:\/\/yoast.com\/wordpress\/plugins\/seo\/ -->\n<meta name=\"robots\" content=\"index, follow, max-snippet:-1, max-image-preview:large, max-video-preview:-1\" \/>\n<link rel=\"canonical\" href=\"https:\/\/ukra-t.com\/de\/\" \/>\n<meta property=\"og:locale\" content=\"de_DE\" \/>\n<meta property=\"og:type\" content=\"article\" \/>\n<meta property=\"og:title\" content=\"Hauptseite - UKRA-T - Firewood &amp; stone\" \/>\n<meta property=\"og:url\" content=\"https:\/\/ukra-t.com\/de\/\" \/>\n<meta property=\"og:site_name\" content=\"UKRA-T - Firewood &amp; stone\" \/>\n<meta property=\"article:modified_time\" content=\"2025-02-07T12:01:41+00:00\" \/>\n<meta property=\"og:image\" content=\"http:\/\/ukra-t.com\/wp-content\/uploads\/2021\/05\/ukra_3.jpg\" \/>\n\t<meta property=\"og:image:width\" content=\"1000\" \/>\n\t<meta property=\"og:image:height\" content=\"347\" \/>\n<meta name=\"twitter:card\" content=\"summary_large_image\" \/>\n<meta name=\"twitter:label1\" content=\"Gesch\u00e4tzte Lesezeit\">\n\t<meta name=\"twitter:data1\" content=\"2\u00a0Minuten\">\n<script type=\"application\/ld+json\" class=\"yoast-schema-graph\">{\"@context\":\"https:\/\/schema.org\",\"@graph\":[{\"@type\":\"Organization\",\"@id\":\"http:\/\/ukra-t.com\/#organization\",\"name\":\"\\u0423\\u043a\\u0440\\u0430-\\u0422, \\u0422\\u041e\\u0412\",\"url\":\"http:\/\/ukra-t.com\/\",\"sameAs\":[],\"logo\":{\"@type\":\"ImageObject\",\"@id\":\"http:\/\/ukra-t.com\/#logo\",\"inLanguage\":\"de\",\"url\":\"http:\/\/ukra-t.com\/wp-content\/uploads\/2022\/09\/logo-ukra-t.jpg\",\"width\":180,\"height\":100,\"caption\":\"\\u0423\\u043a\\u0440\\u0430-\\u0422, \\u0422\\u041e\\u0412\"},\"image\":{\"@id\":\"http:\/\/ukra-t.com\/#logo\"}},{\"@type\":\"WebSite\",\"@id\":\"http:\/\/ukra-t.com\/#website\",\"url\":\"http:\/\/ukra-t.com\/\",\"name\":\"UKRA-T - Firewood &amp; stone\",\"description\":\"Firewood &amp; stone\",\"publisher\":{\"@id\":\"http:\/\/ukra-t.com\/#organization\"},\"potentialAction\":[{\"@type\":\"SearchAction\",\"target\":\"http:\/\/ukra-t.com\/?s={search_term_string}\",\"query-input\":\"required name=search_term_string\"}],\"inLanguage\":\"de\"},{\"@type\":\"ImageObject\",\"@id\":\"https:\/\/ukra-t.com\/de\/#primaryimage\",\"inLanguage\":\"de\",\"url\":\"http:\/\/ukra-t.com\/wp-content\/uploads\/2021\/05\/ukra_3.jpg\",\"width\":1000,\"height\":347},{\"@type\":[\"WebPage\",\"AboutPage\"],\"@id\":\"https:\/\/ukra-t.com\/de\/#webpage\",\"url\":\"https:\/\/ukra-t.com\/de\/\",\"name\":\"Hauptseite - UKRA-T - Firewood &amp; stone\",\"isPartOf\":{\"@id\":\"http:\/\/ukra-t.com\/#website\"},\"primaryImageOfPage\":{\"@id\":\"https:\/\/ukra-t.com\/de\/#primaryimage\"},\"datePublished\":\"2024-01-28T11:36:57+00:00\",\"dateModified\":\"2025-02-07T12:01:41+00:00\",\"description\":\"Pflastersteine, Platten, Bordsteine aus Basalt, Granit, Labradorit und Gabbro. Breite Palette von Farben.\",\"inLanguage\":\"de\",\"potentialAction\":[{\"@type\":\"ReadAction\",\"target\":[\"https:\/\/ukra-t.com\/de\/\"]}]}]}<\/script>\n<!-- \/ Yoast SEO Premium plugin. -->","_links":{"self":[{"href":"http:\/\/ukra-t.com\/de\/wp-json\/wp\/v2\/pages\/1480","targetHints":{"allow":["GET"]}}],"collection":[{"href":"http:\/\/ukra-t.com\/de\/wp-json\/wp\/v2\/pages"}],"about":[{"href":"http:\/\/ukra-t.com\/de\/wp-json\/wp\/v2\/types\/page"}],"author":[{"embeddable":true,"href":"http:\/\/ukra-t.com\/de\/wp-json\/wp\/v2\/users\/2"}],"replies":[{"embeddable":true,"href":"http:\/\/ukra-t.com\/de\/wp-json\/wp\/v2\/comments?post=1480"}],"version-history":[{"count":9,"href":"http:\/\/ukra-t.com\/de\/wp-json\/wp\/v2\/pages\/1480\/revisions"}],"predecessor-version":[{"id":1962,"href":"http:\/\/ukra-t.com\/de\/wp-json\/wp\/v2\/pages\/1480\/revisions\/1962"}],"wp:featuredmedia":[{"embeddable":true,"href":"http:\/\/ukra-t.com\/de\/wp-json\/wp\/v2\/media\/1179"}],"wp:attachment":[{"href":"http:\/\/ukra-t.com\/de\/wp-json\/wp\/v2\/media?parent=1480"}],"curies":[{"name":"wp","href":"https:\/\/api.w.org\/{rel}","templated":true}]}}